{"id":4854,"date":"2020-03-16T22:56:21","date_gmt":"2020-03-16T22:56:21","guid":{"rendered":"https:\/\/www.nevesguerra.com\/?page_id=4854"},"modified":"2020-03-16T22:57:40","modified_gmt":"2020-03-16T22:57:40","slug":"privacy-policy","status":"publish","type":"page","link":"https:\/\/www.nevesguerra.com\/fr\/privacy-policy\/","title":{"rendered":"Privacy Policy"},"content":{"rendered":"<section class=\"l-section wpb_row height_medium\"><div class=\"l-section-h i-cf\"><div class=\"g-cols vc_row via_flex valign_top type_default stacking_default\"><div class=\"vc_col-sm-12 wpb_column vc_column_container\"><div class=\"vc_column-inner\"><div class=\"wpb_wrapper\"><div class=\"wpb_text_column\"><div class=\"wpb_wrapper\"><h2>Politique de confidentialit\u00e9 de Neves &amp; Guerra<\/h2>\n<p>Toutes vos informations personnelles collect\u00e9es seront utilis\u00e9es pour rendre votre visite sur notre site Web aussi productive et agr\u00e9able que possible.<\/p>\n<p>La garantie de la confidentialit\u00e9 des donn\u00e9es personnelles des utilisateurs de notre site Internet est importante pour Neves &amp; Guerra.<\/p>\n<p>Toutes les informations personnelles relatives aux membres, abonn\u00e9s, clients ou visiteurs utilisant Neves &amp; Guerra seront trait\u00e9es conform\u00e9ment \u00e0 la loi sur la protection des donn\u00e9es personnelles du 26 octobre 1998 (loi n \u00b0 67\/98).<\/p>\n<p>Les informations personnelles collect\u00e9es peuvent inclure votre nom, e-mail, num\u00e9ro de t\u00e9l\u00e9phone et \/ ou t\u00e9l\u00e9phone portable, adresse, date de naissance et \/ ou autres.<\/p>\n<p>L&rsquo;utilisation de Neves &amp; Guerra implique l&rsquo;acceptation de cet accord de confidentialit\u00e9. L&rsquo;\u00e9quipe Neves &amp; Guerra se r\u00e9serve le droit de modifier cet accord sans pr\u00e9avis. Par cons\u00e9quent, nous vous recommandons de consulter r\u00e9guli\u00e8rement notre politique de confidentialit\u00e9 afin d&rsquo;\u00eatre toujours \u00e0 jour.<\/p>\n<h2>Les annonces<\/h2>\n<p>Comme d&rsquo;autres sites Web, nous collectons et utilisons les informations contenues dans les publicit\u00e9s. Les informations contenues dans les publicit\u00e9s comprennent votre adresse IP (protocole Internet), votre FAI (fournisseur de services Internet, tel que Sapo, Clix ou autre), le navigateur que vous avez utilis\u00e9 lors de la visite de notre site Web (comme Internet Explorer ou Firefox), l&rsquo;heure de votre visite et les pages que vous avez visit\u00e9es sur notre site Web.<\/p>\n<h2>Liens vers des sites tiers<\/h2>\n<p>Neves &amp; Guerra a des liens vers d&rsquo;autres sites qui, \u00e0 notre avis, peuvent contenir des informations \/ outils utiles pour nos visiteurs. Notre politique de confidentialit\u00e9 ne s&rsquo;applique pas aux sites tiers, donc si vous visitez un autre site du n\u00f4tre, vous devez lire sa politique de confidentialit\u00e9.<\/p>\n<p>Nous ne sommes pas responsables de la politique de confidentialit\u00e9 ou du contenu pr\u00e9sent sur ces m\u00eames sites.<\/p>\n<\/div><\/div><\/div><\/div><\/div><\/div><\/div><\/section>\n","protected":false},"excerpt":{"rendered":"Politique de confidentialit\u00e9 de Neves &amp; Guerra Toutes vos informations personnelles collect\u00e9es seront utilis\u00e9es pour rendre votre visite sur notre site Web aussi productive et agr\u00e9able que possible. La garantie de la confidentialit\u00e9 des donn\u00e9es personnelles des utilisateurs de notre site Internet est importante pour Neves &amp; Guerra. Toutes les informations personnelles relatives aux membres,...","protected":false},"author":1,"featured_media":0,"parent":0,"menu_order":0,"comment_status":"closed","ping_status":"open","template":"","meta":{"_acf_changed":false,"footnotes":""},"class_list":["post-4854","page","type-page","status-publish","hentry"],"acf":[],"yoast_head":"<!-- This site is optimized with the Yoast SEO plugin v27.4 - https:\/\/yoast.com\/product\/yoast-seo-wordpress\/ -->\n<title>Privacy Policy - Neves &amp; Guerra<\/title>\n<meta name=\"robots\" content=\"index, follow, max-snippet:-1, max-image-preview:large, max-video-preview:-1\" \/>\n<link rel=\"canonical\" href=\"https:\/\/www.nevesguerra.com\/fr\/privacy-policy\/\" \/>\n<meta property=\"og:locale\" content=\"fr_FR\" \/>\n<meta property=\"og:type\" content=\"article\" \/>\n<meta property=\"og:title\" content=\"Privacy Policy - Neves &amp; Guerra\" \/>\n<meta property=\"og:url\" content=\"https:\/\/www.nevesguerra.com\/fr\/privacy-policy\/\" \/>\n<meta property=\"og:site_name\" content=\"Neves &amp; Guerra\" \/>\n<meta property=\"article:modified_time\" content=\"2020-03-16T22:57:40+00:00\" \/>\n<meta name=\"twitter:card\" content=\"summary_large_image\" \/>\n<meta name=\"twitter:label1\" content=\"Dur\u00e9e de lecture estim\u00e9e\" \/>\n\t<meta name=\"twitter:data1\" content=\"2 minutes\" \/>\n<script type=\"application\/ld+json\" class=\"yoast-schema-graph\">{\"@context\":\"https:\\\/\\\/schema.org\",\"@graph\":[{\"@type\":\"WebPage\",\"@id\":\"https:\\\/\\\/www.nevesguerra.com\\\/fr\\\/privacy-policy\\\/\",\"url\":\"https:\\\/\\\/www.nevesguerra.com\\\/fr\\\/privacy-policy\\\/\",\"name\":\"Privacy Policy - Neves &amp; Guerra\",\"isPartOf\":{\"@id\":\"https:\\\/\\\/www.nevesguerra.com\\\/#website\"},\"datePublished\":\"2020-03-16T22:56:21+00:00\",\"dateModified\":\"2020-03-16T22:57:40+00:00\",\"breadcrumb\":{\"@id\":\"https:\\\/\\\/www.nevesguerra.com\\\/fr\\\/privacy-policy\\\/#breadcrumb\"},\"inLanguage\":\"fr-FR\",\"potentialAction\":[{\"@type\":\"ReadAction\",\"target\":[\"https:\\\/\\\/www.nevesguerra.com\\\/fr\\\/privacy-policy\\\/\"]}]},{\"@type\":\"BreadcrumbList\",\"@id\":\"https:\\\/\\\/www.nevesguerra.com\\\/fr\\\/privacy-policy\\\/#breadcrumb\",\"itemListElement\":[{\"@type\":\"ListItem\",\"position\":1,\"name\":\"In\u00edcio\",\"item\":\"https:\\\/\\\/www.nevesguerra.com\\\/fr\\\/home\\\/\"},{\"@type\":\"ListItem\",\"position\":2,\"name\":\"Privacy Policy\"}]},{\"@type\":\"WebSite\",\"@id\":\"https:\\\/\\\/www.nevesguerra.com\\\/#website\",\"url\":\"https:\\\/\\\/www.nevesguerra.com\\\/\",\"name\":\"Neves &amp; Guerra\",\"description\":\"| Mobili\u00e1rio e Design de Interiores |\",\"publisher\":{\"@id\":\"https:\\\/\\\/www.nevesguerra.com\\\/#organization\"},\"alternateName\":\"Mobili\u00e1rio\",\"potentialAction\":[{\"@type\":\"SearchAction\",\"target\":{\"@type\":\"EntryPoint\",\"urlTemplate\":\"https:\\\/\\\/www.nevesguerra.com\\\/?s={search_term_string}\"},\"query-input\":{\"@type\":\"PropertyValueSpecification\",\"valueRequired\":true,\"valueName\":\"search_term_string\"}}],\"inLanguage\":\"fr-FR\"},{\"@type\":\"Organization\",\"@id\":\"https:\\\/\\\/www.nevesguerra.com\\\/#organization\",\"name\":\"Neves & Guerra\",\"url\":\"https:\\\/\\\/www.nevesguerra.com\\\/\",\"logo\":{\"@type\":\"ImageObject\",\"inLanguage\":\"fr-FR\",\"@id\":\"https:\\\/\\\/www.nevesguerra.com\\\/#\\\/schema\\\/logo\\\/image\\\/\",\"url\":\"https:\\\/\\\/www.nevesguerra.com\\\/wp-content\\\/uploads\\\/2020\\\/03\\\/cropped-1x1-1.jpg\",\"contentUrl\":\"https:\\\/\\\/www.nevesguerra.com\\\/wp-content\\\/uploads\\\/2020\\\/03\\\/cropped-1x1-1.jpg\",\"width\":512,\"height\":512,\"caption\":\"Neves & Guerra\"},\"image\":{\"@id\":\"https:\\\/\\\/www.nevesguerra.com\\\/#\\\/schema\\\/logo\\\/image\\\/\"}}]}<\/script>\n<!-- \/ Yoast SEO plugin. -->","yoast_head_json":{"title":"Privacy Policy - Neves &amp; Guerra","robots":{"index":"index","follow":"follow","max-snippet":"max-snippet:-1","max-image-preview":"max-image-preview:large","max-video-preview":"max-video-preview:-1"},"canonical":"https:\/\/www.nevesguerra.com\/fr\/privacy-policy\/","og_locale":"fr_FR","og_type":"article","og_title":"Privacy Policy - Neves &amp; Guerra","og_url":"https:\/\/www.nevesguerra.com\/fr\/privacy-policy\/","og_site_name":"Neves &amp; Guerra","article_modified_time":"2020-03-16T22:57:40+00:00","twitter_card":"summary_large_image","twitter_misc":{"Dur\u00e9e de lecture estim\u00e9e":"2 minutes"},"schema":{"@context":"https:\/\/schema.org","@graph":[{"@type":"WebPage","@id":"https:\/\/www.nevesguerra.com\/fr\/privacy-policy\/","url":"https:\/\/www.nevesguerra.com\/fr\/privacy-policy\/","name":"Privacy Policy - Neves &amp; Guerra","isPartOf":{"@id":"https:\/\/www.nevesguerra.com\/#website"},"datePublished":"2020-03-16T22:56:21+00:00","dateModified":"2020-03-16T22:57:40+00:00","breadcrumb":{"@id":"https:\/\/www.nevesguerra.com\/fr\/privacy-policy\/#breadcrumb"},"inLanguage":"fr-FR","potentialAction":[{"@type":"ReadAction","target":["https:\/\/www.nevesguerra.com\/fr\/privacy-policy\/"]}]},{"@type":"BreadcrumbList","@id":"https:\/\/www.nevesguerra.com\/fr\/privacy-policy\/#breadcrumb","itemListElement":[{"@type":"ListItem","position":1,"name":"In\u00edcio","item":"https:\/\/www.nevesguerra.com\/fr\/home\/"},{"@type":"ListItem","position":2,"name":"Privacy Policy"}]},{"@type":"WebSite","@id":"https:\/\/www.nevesguerra.com\/#website","url":"https:\/\/www.nevesguerra.com\/","name":"Neves &amp; Guerra","description":"| Mobili\u00e1rio e Design de Interiores |","publisher":{"@id":"https:\/\/www.nevesguerra.com\/#organization"},"alternateName":"Mobili\u00e1rio","potentialAction":[{"@type":"SearchAction","target":{"@type":"EntryPoint","urlTemplate":"https:\/\/www.nevesguerra.com\/?s={search_term_string}"},"query-input":{"@type":"PropertyValueSpecification","valueRequired":true,"valueName":"search_term_string"}}],"inLanguage":"fr-FR"},{"@type":"Organization","@id":"https:\/\/www.nevesguerra.com\/#organization","name":"Neves & Guerra","url":"https:\/\/www.nevesguerra.com\/","logo":{"@type":"ImageObject","inLanguage":"fr-FR","@id":"https:\/\/www.nevesguerra.com\/#\/schema\/logo\/image\/","url":"https:\/\/www.nevesguerra.com\/wp-content\/uploads\/2020\/03\/cropped-1x1-1.jpg","contentUrl":"https:\/\/www.nevesguerra.com\/wp-content\/uploads\/2020\/03\/cropped-1x1-1.jpg","width":512,"height":512,"caption":"Neves & Guerra"},"image":{"@id":"https:\/\/www.nevesguerra.com\/#\/schema\/logo\/image\/"}}]}},"_links":{"self":[{"href":"https:\/\/www.nevesguerra.com\/fr\/wp-json\/wp\/v2\/pages\/4854","targetHints":{"allow":["GET"]}}],"collection":[{"href":"https:\/\/www.nevesguerra.com\/fr\/wp-json\/wp\/v2\/pages"}],"about":[{"href":"https:\/\/www.nevesguerra.com\/fr\/wp-json\/wp\/v2\/types\/page"}],"author":[{"embeddable":true,"href":"https:\/\/www.nevesguerra.com\/fr\/wp-json\/wp\/v2\/users\/1"}],"replies":[{"embeddable":true,"href":"https:\/\/www.nevesguerra.com\/fr\/wp-json\/wp\/v2\/comments?post=4854"}],"version-history":[{"count":2,"href":"https:\/\/www.nevesguerra.com\/fr\/wp-json\/wp\/v2\/pages\/4854\/revisions"}],"predecessor-version":[{"id":4856,"href":"https:\/\/www.nevesguerra.com\/fr\/wp-json\/wp\/v2\/pages\/4854\/revisions\/4856"}],"wp:attachment":[{"href":"https:\/\/www.nevesguerra.com\/fr\/wp-json\/wp\/v2\/media?parent=4854"}],"curies":[{"name":"wp","href":"https:\/\/api.w.org\/{rel}","templated":true}]}}